{"id":93,"date":"2018-03-05T21:07:12","date_gmt":"2018-03-05T21:07:12","guid":{"rendered":"http:\/\/taouret.fr\/?page_id=93"},"modified":"2020-09-24T14:10:19","modified_gmt":"2020-09-24T14:10:19","slug":"porte-bebetheque","status":"publish","type":"page","link":"https:\/\/www.taouret.fr\/?page_id=93","title":{"rendered":"Porte-b\u00e9b\u00e9th\u00e8que"},"content":{"rendered":"<p>&#8230;.Le listing exhaustif des moyens de portage disponibles \u00e0 la location est en cours de construction&#8230;..<\/p>\n<p><img loading=\"lazy\" decoding=\"async\" class=\"alignright size-full wp-image-638\" src=\"http:\/\/www.taouret.fr\/wp-content\/uploads\/2020\/09\/MAX_1729.jpg\" alt=\"\" width=\"1223\" height=\"816\" srcset=\"https:\/\/www.taouret.fr\/wp-content\/uploads\/2020\/09\/MAX_1729.jpg 1223w, https:\/\/www.taouret.fr\/wp-content\/uploads\/2020\/09\/MAX_1729-300x200.jpg 300w, https:\/\/www.taouret.fr\/wp-content\/uploads\/2020\/09\/MAX_1729-1024x683.jpg 1024w, https:\/\/www.taouret.fr\/wp-content\/uploads\/2020\/09\/MAX_1729-768x512.jpg 768w\" sizes=\"auto, (max-width: 1223px) 100vw, 1223px\" \/><\/p>\n<p><img loading=\"lazy\" decoding=\"async\" class=\"wp-image-15 alignleft\" src=\"http:\/\/www.taouret.fr\/wp-content\/uploads\/2018\/02\/cropped-logotaouret-300x300.png\" alt=\"\" width=\"138\" height=\"138\" srcset=\"https:\/\/www.taouret.fr\/wp-content\/uploads\/2018\/02\/cropped-logotaouret-300x300.png 300w, https:\/\/www.taouret.fr\/wp-content\/uploads\/2018\/02\/cropped-logotaouret-150x150.png 150w, https:\/\/www.taouret.fr\/wp-content\/uploads\/2018\/02\/cropped-logotaouret-100x100.png 100w, https:\/\/www.taouret.fr\/wp-content\/uploads\/2018\/02\/cropped-logotaouret-270x270.png 270w, https:\/\/www.taouret.fr\/wp-content\/uploads\/2018\/02\/cropped-logotaouret-192x192.png 192w, https:\/\/www.taouret.fr\/wp-content\/uploads\/2018\/02\/cropped-logotaouret-180x180.png 180w, https:\/\/www.taouret.fr\/wp-content\/uploads\/2018\/02\/cropped-logotaouret-32x32.png 32w, https:\/\/www.taouret.fr\/wp-content\/uploads\/2018\/02\/cropped-logotaouret.png 512w\" sizes=\"auto, (max-width: 138px) 100vw, 138px\" \/><\/p>\n<p>vous propose un r\u00e9capitulatif des moyens de portage que vous pouvez tester ou m\u00eame louer chez nous :<\/p>\n<p><img loading=\"lazy\" decoding=\"async\" class=\"size-full wp-image-235 alignleft\" src=\"http:\/\/www.taouret.fr\/wp-content\/uploads\/2018\/03\/Capture-d\u2019e\u0301cran-2018-03-30-a\u0300-22.57.40.png\" alt=\"\" width=\"646\" height=\"228\" srcset=\"https:\/\/www.taouret.fr\/wp-content\/uploads\/2018\/03\/Capture-d\u2019e\u0301cran-2018-03-30-a\u0300-22.57.40.png 646w, https:\/\/www.taouret.fr\/wp-content\/uploads\/2018\/03\/Capture-d\u2019e\u0301cran-2018-03-30-a\u0300-22.57.40-300x106.png 300w\" sizes=\"auto, (max-width: 646px) 100vw, 646px\" \/><\/p>\n<p><img loading=\"lazy\" decoding=\"async\" class=\"size-full wp-image-236 alignleft\" src=\"http:\/\/www.taouret.fr\/wp-content\/uploads\/2018\/03\/Capture-d\u2019e\u0301cran-2018-03-30-a\u0300-22.57.49.png\" alt=\"\" width=\"643\" height=\"198\" srcset=\"https:\/\/www.taouret.fr\/wp-content\/uploads\/2018\/03\/Capture-d\u2019e\u0301cran-2018-03-30-a\u0300-22.57.49.png 643w, https:\/\/www.taouret.fr\/wp-content\/uploads\/2018\/03\/Capture-d\u2019e\u0301cran-2018-03-30-a\u0300-22.57.49-300x92.png 300w\" sizes=\"auto, (max-width: 643px) 100vw, 643px\" \/><\/p>\n<p><img loading=\"lazy\" decoding=\"async\" class=\"size-full wp-image-237 alignleft\" src=\"http:\/\/www.taouret.fr\/wp-content\/uploads\/2018\/03\/Capture-d\u2019e\u0301cran-2018-03-30-a\u0300-22.57.57.png\" alt=\"\" width=\"644\" height=\"225\" srcset=\"https:\/\/www.taouret.fr\/wp-content\/uploads\/2018\/03\/Capture-d\u2019e\u0301cran-2018-03-30-a\u0300-22.57.57.png 644w, https:\/\/www.taouret.fr\/wp-content\/uploads\/2018\/03\/Capture-d\u2019e\u0301cran-2018-03-30-a\u0300-22.57.57-300x105.png 300w\" sizes=\"auto, (max-width: 644px) 100vw, 644px\" \/><\/p>\n<p><img loading=\"lazy\" decoding=\"async\" class=\"size-full wp-image-238 alignleft\" src=\"http:\/\/www.taouret.fr\/wp-content\/uploads\/2018\/03\/Capture-d\u2019e\u0301cran-2018-03-30-a\u0300-22.58.05.png\" alt=\"\" width=\"648\" height=\"245\" srcset=\"https:\/\/www.taouret.fr\/wp-content\/uploads\/2018\/03\/Capture-d\u2019e\u0301cran-2018-03-30-a\u0300-22.58.05.png 648w, https:\/\/www.taouret.fr\/wp-content\/uploads\/2018\/03\/Capture-d\u2019e\u0301cran-2018-03-30-a\u0300-22.58.05-300x113.png 300w\" sizes=\"auto, (max-width: 648px) 100vw, 648px\" \/><\/p>\n<p><img loading=\"lazy\" decoding=\"async\" class=\"size-full wp-image-239 alignleft\" src=\"http:\/\/www.taouret.fr\/wp-content\/uploads\/2018\/03\/Capture-d\u2019e\u0301cran-2018-03-30-a\u0300-22.58.10.png\" alt=\"\" width=\"649\" height=\"254\" srcset=\"https:\/\/www.taouret.fr\/wp-content\/uploads\/2018\/03\/Capture-d\u2019e\u0301cran-2018-03-30-a\u0300-22.58.10.png 649w, https:\/\/www.taouret.fr\/wp-content\/uploads\/2018\/03\/Capture-d\u2019e\u0301cran-2018-03-30-a\u0300-22.58.10-300x117.png 300w\" sizes=\"auto, (max-width: 649px) 100vw, 649px\" \/><\/p>\n<p><img loading=\"lazy\" decoding=\"async\" class=\"wp-image-246 alignleft\" src=\"http:\/\/www.taouret.fr\/wp-content\/uploads\/2018\/03\/Capture-d\u2019e\u0301cran-2018-03-30-a\u0300-23.01.28.png\" alt=\"\" width=\"672\" height=\"232\" srcset=\"https:\/\/www.taouret.fr\/wp-content\/uploads\/2018\/03\/Capture-d\u2019e\u0301cran-2018-03-30-a\u0300-23.01.28.png 1408w, https:\/\/www.taouret.fr\/wp-content\/uploads\/2018\/03\/Capture-d\u2019e\u0301cran-2018-03-30-a\u0300-23.01.28-300x104.png 300w, https:\/\/www.taouret.fr\/wp-content\/uploads\/2018\/03\/Capture-d\u2019e\u0301cran-2018-03-30-a\u0300-23.01.28-768x266.png 768w, https:\/\/www.taouret.fr\/wp-content\/uploads\/2018\/03\/Capture-d\u2019e\u0301cran-2018-03-30-a\u0300-23.01.28-1024x354.png 1024w\" sizes=\"auto, (max-width: 672px) 100vw, 672px\" \/><\/p>\n<p><img loading=\"lazy\" decoding=\"async\" class=\"alignright size-full wp-image-171\" src=\"http:\/\/www.taouret.fr\/wp-content\/uploads\/2018\/03\/hippoorange.png\" alt=\"\" width=\"394\" height=\"479\" srcset=\"https:\/\/www.taouret.fr\/wp-content\/uploads\/2018\/03\/hippoorange.png 394w, https:\/\/www.taouret.fr\/wp-content\/uploads\/2018\/03\/hippoorange-247x300.png 247w\" sizes=\"auto, (max-width: 394px) 100vw, 394px\" \/><\/p>\n","protected":false},"excerpt":{"rendered":"<p>&#8230;.Le listing exhaustif des moyens de portage disponibles \u00e0 la location est en cours de construction&#8230;.. vous propose un r\u00e9capitulatif des moyens de portage que vous pouvez tester ou m\u00eame louer chez nous :<\/p>\n","protected":false},"author":1,"featured_media":0,"parent":0,"menu_order":0,"comment_status":"closed","ping_status":"closed","template":"","meta":{"footnotes":""},"class_list":["post-93","page","type-page","status-publish","hentry"],"_links":{"self":[{"href":"https:\/\/www.taouret.fr\/index.php?rest_route=\/wp\/v2\/pages\/93","targetHints":{"allow":["GET"]}}],"collection":[{"href":"https:\/\/www.taouret.fr\/index.php?rest_route=\/wp\/v2\/pages"}],"about":[{"href":"https:\/\/www.taouret.fr\/index.php?rest_route=\/wp\/v2\/types\/page"}],"author":[{"embeddable":true,"href":"https:\/\/www.taouret.fr\/index.php?rest_route=\/wp\/v2\/users\/1"}],"replies":[{"embeddable":true,"href":"https:\/\/www.taouret.fr\/index.php?rest_route=%2Fwp%2Fv2%2Fcomments&post=93"}],"version-history":[{"count":7,"href":"https:\/\/www.taouret.fr\/index.php?rest_route=\/wp\/v2\/pages\/93\/revisions"}],"predecessor-version":[{"id":654,"href":"https:\/\/www.taouret.fr\/index.php?rest_route=\/wp\/v2\/pages\/93\/revisions\/654"}],"wp:attachment":[{"href":"https:\/\/www.taouret.fr\/index.php?rest_route=%2Fwp%2Fv2%2Fmedia&parent=93"}],"curies":[{"name":"wp","href":"https:\/\/api.w.org\/{rel}","templated":true}]}}