{"id":763,"date":"2021-11-14T15:12:02","date_gmt":"2021-11-14T15:12:02","guid":{"rendered":"http:\/\/www.taouret.fr\/?page_id=763"},"modified":"2021-11-14T15:15:39","modified_gmt":"2021-11-14T15:15:39","slug":"presentation-de-geraldine","status":"publish","type":"page","link":"https:\/\/www.taouret.fr\/?page_id=763","title":{"rendered":"Pr\u00e9sentation de G\u00e9raldine"},"content":{"rendered":"\n<p>Je m\u2019appelle G\u00e9raldine, j\u2019ai 35 ans et je suis maman de deux enfants, Enola et Mano\u00e9. <\/p>\n\n\n\n<figure class=\"wp-block-image size-large is-resized\"><img decoding=\"async\" src=\"http:\/\/www.taouret.fr\/wp-content\/uploads\/2021\/11\/Atelier-portage-1-edited.jpg\" alt=\"\" class=\"wp-image-770\" width=\"496\" srcset=\"https:\/\/www.taouret.fr\/wp-content\/uploads\/2021\/11\/Atelier-portage-1-edited.jpg 1913w, https:\/\/www.taouret.fr\/wp-content\/uploads\/2021\/11\/Atelier-portage-1-edited-287x300.jpg 287w, https:\/\/www.taouret.fr\/wp-content\/uploads\/2021\/11\/Atelier-portage-1-edited-980x1024.jpg 980w, https:\/\/www.taouret.fr\/wp-content\/uploads\/2021\/11\/Atelier-portage-1-edited-768x803.jpg 768w, https:\/\/www.taouret.fr\/wp-content\/uploads\/2021\/11\/Atelier-portage-1-edited-1470x1536.jpg 1470w\" sizes=\"(max-width: 1913px) 100vw, 1913px\" \/><\/figure>\n\n\n\n<p>Danseuse de salsa cubaine et monitrice de portage \u00e0 mes heures perdues, c\u2019est avec beaucoup de plaisir que je r\u00e9investis mon temps personnel dans ces deux passions qui occupent mon esprit et autant que possible mon quotidien. <\/p>\n\n\n\n<figure class=\"wp-block-image size-large is-resized\"><img loading=\"lazy\" decoding=\"async\" src=\"http:\/\/www.taouret.fr\/wp-content\/uploads\/2021\/11\/118158967_4206667126072309_2097715955752452808_n-1-768x1024.jpg\" alt=\"\" class=\"wp-image-767\" width=\"626\" height=\"835\" srcset=\"https:\/\/www.taouret.fr\/wp-content\/uploads\/2021\/11\/118158967_4206667126072309_2097715955752452808_n-1-768x1024.jpg 768w, https:\/\/www.taouret.fr\/wp-content\/uploads\/2021\/11\/118158967_4206667126072309_2097715955752452808_n-1-225x300.jpg 225w, https:\/\/www.taouret.fr\/wp-content\/uploads\/2021\/11\/118158967_4206667126072309_2097715955752452808_n-1-1152x1536.jpg 1152w, https:\/\/www.taouret.fr\/wp-content\/uploads\/2021\/11\/118158967_4206667126072309_2097715955752452808_n-1.jpg 1511w\" sizes=\"auto, (max-width: 626px) 100vw, 626px\" \/><\/figure>\n\n\n\n<p>Au-del\u00e0 d\u2019une pratique et de la technique, le portage a toujours \u00e9t\u00e9 pour moi un symbole fort, tant dans ma vie personnelle, que dans ma vie professionnelle. Le portage repr\u00e9sente pour moi le c\u0153ur de la maternit\u00e9, et plus g\u00e9n\u00e9ralement de la parentalit\u00e9. C\u2019est un outil f\u00e9d\u00e9rateur, un soutien au quotidien, qui v\u00e9hicule des valeurs qui me semblent essentielles dans ce monde parfois dispers\u00e9, que sont l\u2019amour, le partage, la confiance, la bienveillance. Une forme de communication qui passe par le corps, des valeurs que l\u2019on retrouve aussi dans la danse. <\/p>\n\n\n\n<figure class=\"wp-block-image size-full is-resized\"><img loading=\"lazy\" decoding=\"async\" src=\"http:\/\/www.taouret.fr\/wp-content\/uploads\/2021\/11\/104311482_3901832963222395_5189015844345807396_n-1.jpg\" alt=\"\" class=\"wp-image-766\" width=\"490\" height=\"368\" srcset=\"https:\/\/www.taouret.fr\/wp-content\/uploads\/2021\/11\/104311482_3901832963222395_5189015844345807396_n-1.jpg 719w, https:\/\/www.taouret.fr\/wp-content\/uploads\/2021\/11\/104311482_3901832963222395_5189015844345807396_n-1-300x225.jpg 300w\" sizes=\"auto, (max-width: 490px) 100vw, 490px\" \/><\/figure>\n\n\n\n<p>Mon exp\u00e9rience de maman porteuse \u00e9tant d\u00e9sormais achev\u00e9e, il m\u2019est apparu comme une \u00e9vidence de la transmettre afin de permettre \u00e0 de nouveaux parents de conna\u00eetre, de vivre, de ressentir ces instants magiques de parents porteurs. J\u2019ai donc officiellement int\u00e9gr\u00e9 l\u2019association Ta Ouret \u00e0 l\u2019issue de ma formation \u00ab\u00a0Porter Simplement\u00a0\u00bb en ao\u00fbt 2020, apr\u00e8s avoir gravit\u00e9 plusieurs ann\u00e9es dans ce joli r\u00e9seau de proximit\u00e9 avec lequel je n\u2019ai pas encore envisag\u00e9 de couper le cordon.<\/p>\n\n\n\n<figure class=\"wp-block-image size-large is-resized\"><img loading=\"lazy\" decoding=\"async\" src=\"http:\/\/www.taouret.fr\/wp-content\/uploads\/2021\/11\/IMG_20210228_114523-768x1024.jpg\" alt=\"\" class=\"wp-image-768\" width=\"385\" height=\"513\" srcset=\"https:\/\/www.taouret.fr\/wp-content\/uploads\/2021\/11\/IMG_20210228_114523-768x1024.jpg 768w, https:\/\/www.taouret.fr\/wp-content\/uploads\/2021\/11\/IMG_20210228_114523-225x300.jpg 225w, https:\/\/www.taouret.fr\/wp-content\/uploads\/2021\/11\/IMG_20210228_114523-1152x1536.jpg 1152w, https:\/\/www.taouret.fr\/wp-content\/uploads\/2021\/11\/IMG_20210228_114523-1536x2048.jpg 1536w, https:\/\/www.taouret.fr\/wp-content\/uploads\/2021\/11\/IMG_20210228_114523-scaled.jpg 1920w\" sizes=\"auto, (max-width: 385px) 100vw, 385px\" \/><\/figure>\n\n\n\n<p><a href=\"mailto:geraldine@taouret.fr\">geraldine@taouret.fr<\/a><\/p>\n","protected":false},"excerpt":{"rendered":"<p>Je m\u2019appelle G\u00e9raldine, j\u2019ai 35 ans et je suis maman de deux enfants, Enola et Mano\u00e9. Danseuse de salsa cubaine et monitrice de portage \u00e0 mes heures perdues, c\u2019est avec beaucoup de plaisir que je r\u00e9investis mon temps personnel dans ces deux passions qui occupent mon esprit et autant que possible mon quotidien. Au-del\u00e0 d\u2019une&#8230;<\/p>\n","protected":false},"author":1,"featured_media":0,"parent":0,"menu_order":0,"comment_status":"closed","ping_status":"closed","template":"","meta":{"footnotes":""},"class_list":["post-763","page","type-page","status-publish","hentry"],"_links":{"self":[{"href":"https:\/\/www.taouret.fr\/index.php?rest_route=\/wp\/v2\/pages\/763","targetHints":{"allow":["GET"]}}],"collection":[{"href":"https:\/\/www.taouret.fr\/index.php?rest_route=\/wp\/v2\/pages"}],"about":[{"href":"https:\/\/www.taouret.fr\/index.php?rest_route=\/wp\/v2\/types\/page"}],"author":[{"embeddable":true,"href":"https:\/\/www.taouret.fr\/index.php?rest_route=\/wp\/v2\/users\/1"}],"replies":[{"embeddable":true,"href":"https:\/\/www.taouret.fr\/index.php?rest_route=%2Fwp%2Fv2%2Fcomments&post=763"}],"version-history":[{"count":2,"href":"https:\/\/www.taouret.fr\/index.php?rest_route=\/wp\/v2\/pages\/763\/revisions"}],"predecessor-version":[{"id":771,"href":"https:\/\/www.taouret.fr\/index.php?rest_route=\/wp\/v2\/pages\/763\/revisions\/771"}],"wp:attachment":[{"href":"https:\/\/www.taouret.fr\/index.php?rest_route=%2Fwp%2Fv2%2Fmedia&parent=763"}],"curies":[{"name":"wp","href":"https:\/\/api.w.org\/{rel}","templated":true}]}}