{"id":41,"date":"2018-03-05T18:39:59","date_gmt":"2018-03-05T18:39:59","guid":{"rendered":"https:\/\/taouret.fr\/?page_id=41"},"modified":"2020-07-02T20:34:31","modified_gmt":"2020-07-02T20:34:31","slug":"tarifs","status":"publish","type":"page","link":"https:\/\/www.taouret.fr\/?page_id=41","title":{"rendered":"Tarifs"},"content":{"rendered":"<table dir=\"ltr\" border=\"1\" cellspacing=\"0\" cellpadding=\"0\">\n<colgroup>\n<col width=\"432\" \/>\n<col width=\"285\" \/>\n<col width=\"227\" \/><\/colgroup>\n<tbody>\n<tr>\n<td><img loading=\"lazy\" decoding=\"async\" class=\"size-medium wp-image-171 aligncenter\" src=\"http:\/\/www.taouret.fr\/wp-content\/uploads\/2018\/03\/hippoorange-247x300.png\" alt=\"\" width=\"247\" height=\"300\" srcset=\"https:\/\/www.taouret.fr\/wp-content\/uploads\/2018\/03\/hippoorange-247x300.png 247w, https:\/\/www.taouret.fr\/wp-content\/uploads\/2018\/03\/hippoorange.png 394w\" sizes=\"auto, (max-width: 247px) 100vw, 247px\" \/><\/td>\n<td style=\"text-align: center;\" data-sheets-value=\"{&quot;1&quot;:2,&quot;2&quot;:&quot;TARIFS&quot;}\"><strong>TARIFS<\/strong><\/td>\n<td style=\"text-align: center;\" data-sheets-value=\"{&quot;1&quot;:2,&quot;2&quot;:&quot;Pr\u00e9cisions&quot;}\"><strong>Pr\u00e9cisions<\/strong><\/td>\n<\/tr>\n<tr>\n<td data-sheets-value=\"{&quot;1&quot;:2,&quot;2&quot;:&quot;Adh\u00e9sion par famille&quot;}\"><strong>Adh\u00e9sion par famille<\/strong><\/td>\n<td data-sheets-value=\"{&quot;1&quot;:2,&quot;2&quot;:&quot;10 euros\/ann\u00e9e scolaire&quot;}\">10 euros\/ann\u00e9e scolaire<\/td>\n<td><\/td>\n<\/tr>\n<tr>\n<td data-sheets-value=\"{&quot;1&quot;:2,&quot;2&quot;:&quot;Location moyen de portage&quot;}\"><strong>Location moyen de portage<\/strong><\/td>\n<td data-sheets-value=\"{&quot;1&quot;:2,&quot;2&quot;:&quot;5 euros\/semaine\\n15 euros\/mois\\n(+ adh\u00e9sion pour 1 ann\u00e9e)&quot;}\">5 euros\/semaine<br \/>\n15 euros\/mois<br \/>\n(+ adh\u00e9sion pour 1 ann\u00e9e)<\/td>\n<td data-sheets-value=\"{&quot;1&quot;:2,&quot;2&quot;:&quot;Caution\\n sling, mei tei, echarpes : 30 euros\\n portes b\u00e9b\u00e9s : 80 euros&quot;}\">Caution du montant du porte-b\u00e9b\u00e9 neuf<\/td>\n<\/tr>\n<tr>\n<td data-sheets-value=\"{&quot;1&quot;:2,&quot;2&quot;:&quot;Atelier individuel \u00e0 domicile\\n\\n(Adh\u00e9sion+atelier+ 15 jours de pr\u00eat d'un moyen de portage)&quot;}\"><strong>Atelier individuel \u00e0 domicile<\/strong><\/p>\n<p>(Adh\u00e9sion+atelier+ 15 jours de pr\u00eat d&rsquo;un moyen de portage)<\/td>\n<td data-sheets-value=\"{&quot;1&quot;:2,&quot;2&quot;:&quot;30 euros \\n+\/- frais d\u00e9placement si hors zone&quot;}\">35 euros<br \/>\n+ frais d\u00e9placement<\/td>\n<td data-sheets-value=\"{&quot;1&quot;:2,&quot;2&quot;:&quot;Pr\u00eat \\&quot;moyen de portage\\&quot; 15 j&quot;}\">Pr\u00eat \u00ab\u00a0moyen de portage\u00a0\u00bb 15 j<\/td>\n<\/tr>\n<tr>\n<td data-sheets-value=\"{&quot;1&quot;:2,&quot;2&quot;:&quot;Forfait 2 ateliers \u00e0 domicile\\n(ex: avant\/apr\u00e8s naissance ou nouveau n\u00e9\/bambin ou ventral\/dorsal ...)\\n&quot;}\"><strong>Forfait 2 ateliers \u00e0 domicile<\/strong><br \/>\n(ex: avant\/apr\u00e8s naissance ou nouveau n\u00e9\/bambin ou ventral\/dorsal &#8230;)<\/td>\n<td data-sheets-value=\"{&quot;1&quot;:2,&quot;2&quot;:&quot;45 euros\\n+\/- frais d\u00e9placement si hors zone&quot;}\">50 euros<br \/>\n+ frais de d\u00e9placement<\/td>\n<td data-sheets-value=\"{&quot;1&quot;:2,&quot;2&quot;:&quot;Pr\u00eat \\&quot;moyen de portage\\&quot; 15 j&quot;}\">Pr\u00eat \u00ab\u00a0moyen de portage\u00a0\u00bb 15 j<\/td>\n<\/tr>\n<tr>\n<td colspan=\"1\" rowspan=\"2\" data-sheets-value=\"{&quot;1&quot;:2,&quot;2&quot;:&quot;Atelier collectif sur Chartres\\n(Adh\u00e9sion + atelier 1h30)&quot;}\">\n<div><strong>Atelier collectif sur Chartres<\/strong><br \/>\n(Adh\u00e9sion + atelier 1h30)<\/div>\n<\/td>\n<td data-sheets-value=\"{&quot;1&quot;:2,&quot;2&quot;:&quot;1h d\u00e9couverte : gratuit, sur inscription&quot;}\">1h d\u00e9couverte : gratuit, sur inscription<\/td>\n<td colspan=\"1\" rowspan=\"2\" data-sheets-value=\"{&quot;1&quot;:2,&quot;2&quot;:&quot;Pas de pr\u00eat de porte b\u00e9b\u00e9,\\nPas de portage dos&quot;}\">\n<div>Pas de pr\u00eat de porte b\u00e9b\u00e9,<br \/>\nPas de portage dos<\/div>\n<div>Si b\u00e9b\u00e9 est n\u00e9, il est le bienvenu<\/div>\n<\/td>\n<\/tr>\n<tr>\n<td data-sheets-value=\"{&quot;1&quot;:2,&quot;2&quot;:&quot;1h30 atelier collectif, 5 pers max\\n15 euros\/personne\\n20 euros\/couple&quot;}\">1h30 atelier collectif, 5 pers max<br \/>\n20 euros\/personne<br \/>\n25 euros\/couple<\/td>\n<\/tr>\n<tr>\n<td data-sheets-value=\"{&quot;1&quot;:2,&quot;2&quot;:&quot;Prestation particuli\u00e8re&quot;}\"><strong>Prestation particuli\u00e8re<\/strong><\/td>\n<td data-sheets-value=\"{&quot;1&quot;:2,&quot;2&quot;:&quot;nous contacter pour devis&quot;}\">nous contacter pour devis<\/td>\n<td colspan=\"1\" rowspan=\"2\" data-sheets-value=\"{&quot;1&quot;:2,&quot;2&quot;:&quot;taouret@gmail.com\\n&quot;}\">\n<div><a href=\"mailto:taouret@gmail.com\">taouret@gmail.com<\/a><\/div>\n<\/td>\n<\/tr>\n<tr>\n<td data-sheets-value=\"{&quot;1&quot;:2,&quot;2&quot;:&quot;Carte cadeau&quot;}\"><strong>Carte cadeau<\/strong><\/td>\n<td data-sheets-value=\"{&quot;1&quot;:2,&quot;2&quot;:&quot;nous contacter pour offrir un atelier de portage&quot;}\">nous contacter pour offrir un atelier de portage<\/td>\n<\/tr>\n<\/tbody>\n<\/table>\n<p>Les ateliers sont ouverts \u00e0 tous, Papas comme Mamans, Grands-Parents, Assistantes maternelles comme Baby-sitters !<\/p>\n<p>Et surtout n&rsquo;h\u00e9sitez pas \u00e0 venir avec B\u00e9b\u00e9, c&rsquo;est lui qui est le plus concern\u00e9 \ud83d\ude42<\/p>\n<p><img loading=\"lazy\" decoding=\"async\" class=\" wp-image-170 alignnone\" src=\"http:\/\/www.taouret.fr\/wp-content\/uploads\/2018\/03\/HippoBleu.png\" alt=\"\" width=\"109\" height=\"148\" \/><\/p>\n<h3>\u00a0<strong>Frais de d\u00e9placement<\/strong><\/h3>\n<p>Les d\u00e9placements sont \u00e0 compter en plus pour les ateliers individuels qui se d\u00e9roulent \u00e0 votre domicile.<\/p>\n<p>Il faut compter 0,35 euros\/km aller-retour depuis le domicile de la monitrice de portage.<\/p>\n<p>Voici un d\u00e9tail de la localit\u00e9 des monitrices de portage :<\/p>\n<ul>\n<li>Chartres,<\/li>\n<li>Charpont (pr\u00e8s de Dreux),<\/li>\n<li>Houx,<\/li>\n<li>B\u00fb,<\/li>\n<li>Pr\u00e9 Saint Evroult (7km de Bonneval).<\/li>\n<\/ul>\n","protected":false},"excerpt":{"rendered":"<p>TARIFS Pr\u00e9cisions Adh\u00e9sion par famille 10 euros\/ann\u00e9e scolaire Location moyen de portage 5 euros\/semaine 15 euros\/mois (+ adh\u00e9sion pour 1 ann\u00e9e) Caution du montant du porte-b\u00e9b\u00e9 neuf Atelier individuel \u00e0 domicile (Adh\u00e9sion+atelier+ 15 jours de pr\u00eat d&rsquo;un moyen de portage) 35 euros + frais d\u00e9placement Pr\u00eat \u00ab\u00a0moyen de portage\u00a0\u00bb 15 j Forfait 2 ateliers \u00e0&#8230;<\/p>\n","protected":false},"author":1,"featured_media":0,"parent":0,"menu_order":0,"comment_status":"closed","ping_status":"closed","template":"","meta":{"footnotes":""},"class_list":["post-41","page","type-page","status-publish","hentry"],"_links":{"self":[{"href":"https:\/\/www.taouret.fr\/index.php?rest_route=\/wp\/v2\/pages\/41","targetHints":{"allow":["GET"]}}],"collection":[{"href":"https:\/\/www.taouret.fr\/index.php?rest_route=\/wp\/v2\/pages"}],"about":[{"href":"https:\/\/www.taouret.fr\/index.php?rest_route=\/wp\/v2\/types\/page"}],"author":[{"embeddable":true,"href":"https:\/\/www.taouret.fr\/index.php?rest_route=\/wp\/v2\/users\/1"}],"replies":[{"embeddable":true,"href":"https:\/\/www.taouret.fr\/index.php?rest_route=%2Fwp%2Fv2%2Fcomments&post=41"}],"version-history":[{"count":28,"href":"https:\/\/www.taouret.fr\/index.php?rest_route=\/wp\/v2\/pages\/41\/revisions"}],"predecessor-version":[{"id":553,"href":"https:\/\/www.taouret.fr\/index.php?rest_route=\/wp\/v2\/pages\/41\/revisions\/553"}],"wp:attachment":[{"href":"https:\/\/www.taouret.fr\/index.php?rest_route=%2Fwp%2Fv2%2Fmedia&parent=41"}],"curies":[{"name":"wp","href":"https:\/\/api.w.org\/{rel}","templated":true}]}}