{"id":35,"date":"2018-03-05T18:26:06","date_gmt":"2018-03-05T18:26:06","guid":{"rendered":"https:\/\/taouret.fr\/?page_id=35"},"modified":"2025-06-29T20:23:09","modified_gmt":"2025-06-29T20:23:09","slug":"accueil","status":"publish","type":"page","link":"https:\/\/www.taouret.fr\/","title":{"rendered":"Ta Ouret est une association de d\u00e9couverte du portage en Eure et Loir"},"content":{"rendered":"<h2 class=\"entry-title\">Actualit\u00e9s : Toute l&rsquo;\u00e9quipe de Ta Ouret vous souhaite un bel \u00e9t\u00e9 !<\/h2>\n<p style=\"text-align: center;\">On se retrouve \u00e0 la rentr\u00e9e !<\/p>\n<p>________________________________________________________________________________________________________________<\/p>\n<h1 class=\"entry-title\" style=\"text-align: center;\"><span style=\"color: #993366;\"><strong>Prochains Ateliers <span style=\"color: #ff00ff;\">COLLECTIF<\/span> de Portage<\/strong><\/span><\/h1>\n<h2 style=\"text-align: center;\"><span style=\"color: #ff00ff;\"><strong>-&gt; <\/strong>Pas d&rsquo;atelier collectif pour ce d\u00e9but d&rsquo;ann\u00e9e 2025<\/span><\/h2>\n<h2 class=\"entry-title\" style=\"text-align: center;\"><span style=\"color: #993366;\"><strong>(consultez l&rsquo;agenda)<\/strong><\/span><\/h2>\n<h3 style=\"text-align: center;\"><span style=\"color: #ff00ff;\"><span style=\"color: #ff0000;\">\u00a0<\/span><\/span><strong>\u00a0inscription<\/strong><span style=\"color: #000000;\"><strong> obligatoire<\/strong> <\/span><span style=\"color: #ff00ff;\"><span style=\"color: #ff0000;\">sur taouret@gmail.com<\/span><\/span><\/h3>\n<h2 style=\"text-align: center;\"><\/h2>\n<h2 style=\"text-align: center;\"><span style=\"color: #ff00ff;\"><strong>-&gt; Date \u00e0 venir <\/strong><\/span><span style=\"color: #ff00ff;\">\u00e0 l&rsquo;ASC de M\u00e9zi\u00e8res-en-Drouais<strong>&lt;-<\/strong><\/span><\/h2>\n<h2 class=\"entry-title\" style=\"text-align: center;\"><span style=\"color: #993366;\"><strong>(consultez l&rsquo;agenda)<\/strong><\/span><\/h2>\n<h3 style=\"text-align: center;\"><span style=\"color: #ff00ff;\"><span style=\"color: #ff0000;\">\u00a0<\/span><\/span><strong>\u00a0inscription<\/strong><span style=\"color: #000000;\"><strong> obligatoire<\/strong> <\/span><span style=\"color: #ff00ff;\"><span style=\"color: #ff0000;\">sur taouret@gmail.com<\/span><\/span><\/h3>\n<p><img loading=\"lazy\" decoding=\"async\" class=\"alignright size-full wp-image-657\" src=\"http:\/\/www.taouret.fr\/wp-content\/uploads\/2020\/09\/MAX_1747-1.jpg\" alt=\"\" width=\"1223\" height=\"816\" srcset=\"https:\/\/www.taouret.fr\/wp-content\/uploads\/2020\/09\/MAX_1747-1.jpg 1223w, https:\/\/www.taouret.fr\/wp-content\/uploads\/2020\/09\/MAX_1747-1-300x200.jpg 300w, https:\/\/www.taouret.fr\/wp-content\/uploads\/2020\/09\/MAX_1747-1-1024x683.jpg 1024w, https:\/\/www.taouret.fr\/wp-content\/uploads\/2020\/09\/MAX_1747-1-768x512.jpg 768w\" sizes=\"auto, (max-width: 1223px) 100vw, 1223px\" \/><\/p>\n<h3 style=\"text-align: center;\"><\/h3>\n<p style=\"text-align: center;\">______________________________________________________<\/p>\n<h1 style=\"text-align: center;\"><span style=\"color: #993366;\"><strong>Prochaines Rencontres autour de l&rsquo;Allaitement<\/strong> en pr\u00e9sentiel \u00e0 Chartres et M\u00e9zi\u00e8res en Drouais <strong>avec L&rsquo;Or Blanc \u00e0 la rentr\u00e9e !<\/strong><\/span><img loading=\"lazy\" decoding=\"async\" class=\"wp-image-572 aligncenter\" src=\"http:\/\/www.taouret.fr\/wp-content\/uploads\/2020\/08\/IMG_20200713_183953-1-scaled.jpg\" alt=\"\" width=\"251\" height=\"319\" srcset=\"https:\/\/www.taouret.fr\/wp-content\/uploads\/2020\/08\/IMG_20200713_183953-1-scaled.jpg 2009w, https:\/\/www.taouret.fr\/wp-content\/uploads\/2020\/08\/IMG_20200713_183953-1-235x300.jpg 235w, https:\/\/www.taouret.fr\/wp-content\/uploads\/2020\/08\/IMG_20200713_183953-1-804x1024.jpg 804w, https:\/\/www.taouret.fr\/wp-content\/uploads\/2020\/08\/IMG_20200713_183953-1-768x979.jpg 768w, https:\/\/www.taouret.fr\/wp-content\/uploads\/2020\/08\/IMG_20200713_183953-1-1205x1536.jpg 1205w, https:\/\/www.taouret.fr\/wp-content\/uploads\/2020\/08\/IMG_20200713_183953-1-1607x2048.jpg 1607w\" sizes=\"auto, (max-width: 251px) 100vw, 251px\" \/><\/h1>\n<p>&#8212;&#8212;&#8212;&#8212;&#8212;&#8212;&#8212;&#8212;&#8212;&#8212;&#8212;&#8212;&#8212;&#8212;&#8212;&#8212;&#8212;&#8212;&#8212;&#8212;&#8212;&#8212;&#8212;&#8212;&#8212;&#8212;&#8212;&#8212;&#8212;&#8212;&#8212;&#8212;&#8212;&#8212;&#8212;&#8212;&#8212;&#8212;<\/p>\n<p><iframe loading=\"lazy\" title=\"Ta Ouret - Pr\u00e9sentation de l&#039;association de d\u00e9couverte du portage en Eure et Loir\" width=\"720\" height=\"405\" src=\"https:\/\/www.youtube.com\/embed\/4Oi7l3YwcD0?feature=oembed\" frameborder=\"0\" allow=\"accelerometer; autoplay; clipboard-write; encrypted-media; gyroscope; picture-in-picture; web-share\" referrerpolicy=\"strict-origin-when-cross-origin\" allowfullscreen><\/iframe><\/p>\n<p style=\"text-align: center;\">______________________________________________________________________________<\/p>\n<p>Nous proposons des ateliers de portage individuels ou collectifs, ouverts aux Papas, aux Mamans, aux Assistantes maternelles, aux Grands parents, aux Baby-sitters&#8230; et aux B\u00e9b\u00e9s, qui sont les plus concern\u00e9s !<\/p>\n<p>Nous proposons aussi la location de moyens de portage physiologiques (\u00e9charpes tiss\u00e9es ou extensibles, slings, mei tai, pr\u00e9form\u00e9s, pagnes).<\/p>\n<p><img loading=\"lazy\" decoding=\"async\" class=\"alignright size-full wp-image-641\" src=\"http:\/\/www.taouret.fr\/wp-content\/uploads\/2020\/09\/MAX_1754.jpg\" alt=\"\" width=\"1223\" height=\"816\" srcset=\"https:\/\/www.taouret.fr\/wp-content\/uploads\/2020\/09\/MAX_1754.jpg 1223w, https:\/\/www.taouret.fr\/wp-content\/uploads\/2020\/09\/MAX_1754-300x200.jpg 300w, https:\/\/www.taouret.fr\/wp-content\/uploads\/2020\/09\/MAX_1754-1024x683.jpg 1024w, https:\/\/www.taouret.fr\/wp-content\/uploads\/2020\/09\/MAX_1754-768x512.jpg 768w\" sizes=\"auto, (max-width: 1223px) 100vw, 1223px\" \/><\/p>\n<p style=\"text-align: left;\"><img loading=\"lazy\" decoding=\"async\" class=\"alignright size-full wp-image-648\" src=\"http:\/\/www.taouret.fr\/wp-content\/uploads\/2020\/09\/Capture2.png\" alt=\"\" width=\"967\" height=\"561\" srcset=\"https:\/\/www.taouret.fr\/wp-content\/uploads\/2020\/09\/Capture2.png 967w, https:\/\/www.taouret.fr\/wp-content\/uploads\/2020\/09\/Capture2-300x174.png 300w, https:\/\/www.taouret.fr\/wp-content\/uploads\/2020\/09\/Capture2-768x446.png 768w\" sizes=\"auto, (max-width: 967px) 100vw, 967px\" \/><\/p>\n<blockquote><p><img loading=\"lazy\" decoding=\"async\" class=\"wp-image-171 alignright\" src=\"http:\/\/www.taouret.fr\/wp-content\/uploads\/2018\/03\/hippoorange.png\" alt=\"\" width=\"135\" height=\"164\" srcset=\"https:\/\/www.taouret.fr\/wp-content\/uploads\/2018\/03\/hippoorange.png 394w, https:\/\/www.taouret.fr\/wp-content\/uploads\/2018\/03\/hippoorange-247x300.png 247w\" sizes=\"auto, (max-width: 135px) 100vw, 135px\" \/><img loading=\"lazy\" decoding=\"async\" class=\"wp-image-174 alignright\" src=\"http:\/\/www.taouret.fr\/wp-content\/uploads\/2018\/03\/HippoViolet.png\" alt=\"\" width=\"106\" height=\"155\" srcset=\"https:\/\/www.taouret.fr\/wp-content\/uploads\/2018\/03\/HippoViolet.png 334w, https:\/\/www.taouret.fr\/wp-content\/uploads\/2018\/03\/HippoViolet-205x300.png 205w\" sizes=\"auto, (max-width: 106px) 100vw, 106px\" \/><\/p><\/blockquote>\n","protected":false},"excerpt":{"rendered":"<p>Actualit\u00e9s : Toute l&rsquo;\u00e9quipe de Ta Ouret vous souhaite un bel \u00e9t\u00e9 ! On se retrouve \u00e0 la rentr\u00e9e ! ________________________________________________________________________________________________________________ Prochains Ateliers COLLECTIF de Portage -&gt; Pas d&rsquo;atelier collectif pour ce d\u00e9but d&rsquo;ann\u00e9e 2025 (consultez l&rsquo;agenda) \u00a0\u00a0inscription obligatoire sur taouret@gmail.com -&gt; Date \u00e0 venir \u00e0 l&rsquo;ASC de M\u00e9zi\u00e8res-en-Drouais&lt;- (consultez l&rsquo;agenda) \u00a0\u00a0inscription obligatoire sur taouret@gmail.com&#8230;<\/p>\n","protected":false},"author":1,"featured_media":0,"parent":0,"menu_order":0,"comment_status":"closed","ping_status":"closed","template":"","meta":{"footnotes":""},"class_list":["post-35","page","type-page","status-publish","hentry"],"_links":{"self":[{"href":"https:\/\/www.taouret.fr\/index.php?rest_route=\/wp\/v2\/pages\/35","targetHints":{"allow":["GET"]}}],"collection":[{"href":"https:\/\/www.taouret.fr\/index.php?rest_route=\/wp\/v2\/pages"}],"about":[{"href":"https:\/\/www.taouret.fr\/index.php?rest_route=\/wp\/v2\/types\/page"}],"author":[{"embeddable":true,"href":"https:\/\/www.taouret.fr\/index.php?rest_route=\/wp\/v2\/users\/1"}],"replies":[{"embeddable":true,"href":"https:\/\/www.taouret.fr\/index.php?rest_route=%2Fwp%2Fv2%2Fcomments&post=35"}],"version-history":[{"count":174,"href":"https:\/\/www.taouret.fr\/index.php?rest_route=\/wp\/v2\/pages\/35\/revisions"}],"predecessor-version":[{"id":879,"href":"https:\/\/www.taouret.fr\/index.php?rest_route=\/wp\/v2\/pages\/35\/revisions\/879"}],"wp:attachment":[{"href":"https:\/\/www.taouret.fr\/index.php?rest_route=%2Fwp%2Fv2%2Fmedia&parent=35"}],"curies":[{"name":"wp","href":"https:\/\/api.w.org\/{rel}","templated":true}]}}