{"id":25,"date":"2018-03-05T16:20:37","date_gmt":"2018-03-05T16:20:37","guid":{"rendered":"https:\/\/taouret.fr\/?page_id=25"},"modified":"2020-09-24T14:05:38","modified_gmt":"2020-09-24T14:05:38","slug":"contact","status":"publish","type":"page","link":"https:\/\/www.taouret.fr\/?page_id=25","title":{"rendered":"Contact"},"content":{"rendered":"<p><img loading=\"lazy\" decoding=\"async\" class=\" wp-image-252 alignleft\" src=\"http:\/\/www.taouret.fr\/wp-content\/uploads\/2018\/03\/Sans-titrefbd.png\" alt=\"\" width=\"52\" height=\"53\" \/>N\u2019h\u00e9sitez pas \u00e0 visiter notre page\u00a0facebook, vous y trouverez toute l\u2019actualit\u00e9 de l\u2019association :<\/p>\n<p><a href=\"https:\/\/www.facebook.com\/taouretchartres\">taouretchartres<\/a><\/p>\n<p><img loading=\"lazy\" decoding=\"async\" class=\"wp-image-253 alignleft\" src=\"http:\/\/www.taouret.fr\/wp-content\/uploads\/2018\/03\/Sans-titremail.png\" alt=\"\" width=\"52\" height=\"53\" \/>Et pour toute demande ou question, envoyez-nous un mail :\u00a0<a href=\"mailto:taouret@gmail.com\">taouret@gmail.com<\/a><\/p>\n<p>Nous redirigerons votre demande vers la monitrice la plus proche de chez vous et elle vous r\u00e9pondra directement.<\/p>\n<p><img loading=\"lazy\" decoding=\"async\" class=\"alignright size-full wp-image-636\" src=\"http:\/\/www.taouret.fr\/wp-content\/uploads\/2020\/09\/Vrac0012-scaled.jpg\" alt=\"\" width=\"2560\" height=\"1440\" srcset=\"https:\/\/www.taouret.fr\/wp-content\/uploads\/2020\/09\/Vrac0012-scaled.jpg 2560w, https:\/\/www.taouret.fr\/wp-content\/uploads\/2020\/09\/Vrac0012-300x169.jpg 300w, https:\/\/www.taouret.fr\/wp-content\/uploads\/2020\/09\/Vrac0012-1024x576.jpg 1024w, https:\/\/www.taouret.fr\/wp-content\/uploads\/2020\/09\/Vrac0012-768x432.jpg 768w, https:\/\/www.taouret.fr\/wp-content\/uploads\/2020\/09\/Vrac0012-1536x864.jpg 1536w, https:\/\/www.taouret.fr\/wp-content\/uploads\/2020\/09\/Vrac0012-2048x1152.jpg 2048w\" sizes=\"auto, (max-width: 2560px) 100vw, 2560px\" \/><\/p>\n<h3>Et les monitrices de portage :<\/h3>\n<ul>\n<li>B\u00e9n\u00e9dicte : <a href=\"mailto:benedicte@taouret.fr\">benedicte@taouret.fr<\/a><\/li>\n<li>C\u00e9cile : <a href=\"mailto:cecile@taouret.fr\">cecile@taouret.fr<\/a><\/li>\n<li>C\u00e9lia : <a href=\"mailto:celia@taouret.fr\">celia@taouret.fr<\/a><\/li>\n<li>Marie-Charlotte : <a href=\"mailto:marie-charlotte@taouret.fr\">marie-charlotte@taouret.fr<\/a><\/li>\n<li>Laurie : <a href=\"mailto:laurie@taouret.fr\">laurie@taouret.fr<\/a><\/li>\n<\/ul>\n<p><img loading=\"lazy\" decoding=\"async\" class=\"wp-image-171 alignleft\" src=\"http:\/\/www.taouret.fr\/wp-content\/uploads\/2018\/03\/hippoorange-247x300.png\" alt=\"\" width=\"247\" height=\"300\" srcset=\"https:\/\/www.taouret.fr\/wp-content\/uploads\/2018\/03\/hippoorange-247x300.png 247w, https:\/\/www.taouret.fr\/wp-content\/uploads\/2018\/03\/hippoorange.png 394w\" sizes=\"auto, (max-width: 247px) 100vw, 247px\" \/><img loading=\"lazy\" decoding=\"async\" class=\"size-full wp-image-170 alignleft\" src=\"http:\/\/www.taouret.fr\/wp-content\/uploads\/2018\/03\/HippoBleu.png\" alt=\"\" width=\"206\" height=\"279\" \/><\/p>\n","protected":false},"excerpt":{"rendered":"<p>N\u2019h\u00e9sitez pas \u00e0 visiter notre page\u00a0facebook, vous y trouverez toute l\u2019actualit\u00e9 de l\u2019association : taouretchartres Et pour toute demande ou question, envoyez-nous un mail :\u00a0taouret@gmail.com Nous redirigerons votre demande vers la monitrice la plus proche de chez vous et elle vous r\u00e9pondra directement. Et les monitrices de portage : B\u00e9n\u00e9dicte : benedicte@taouret.fr C\u00e9cile : cecile@taouret.fr&#8230;<\/p>\n","protected":false},"author":1,"featured_media":0,"parent":0,"menu_order":0,"comment_status":"closed","ping_status":"closed","template":"","meta":{"footnotes":""},"class_list":["post-25","page","type-page","status-publish","hentry"],"_links":{"self":[{"href":"https:\/\/www.taouret.fr\/index.php?rest_route=\/wp\/v2\/pages\/25","targetHints":{"allow":["GET"]}}],"collection":[{"href":"https:\/\/www.taouret.fr\/index.php?rest_route=\/wp\/v2\/pages"}],"about":[{"href":"https:\/\/www.taouret.fr\/index.php?rest_route=\/wp\/v2\/types\/page"}],"author":[{"embeddable":true,"href":"https:\/\/www.taouret.fr\/index.php?rest_route=\/wp\/v2\/users\/1"}],"replies":[{"embeddable":true,"href":"https:\/\/www.taouret.fr\/index.php?rest_route=%2Fwp%2Fv2%2Fcomments&post=25"}],"version-history":[{"count":15,"href":"https:\/\/www.taouret.fr\/index.php?rest_route=\/wp\/v2\/pages\/25\/revisions"}],"predecessor-version":[{"id":651,"href":"https:\/\/www.taouret.fr\/index.php?rest_route=\/wp\/v2\/pages\/25\/revisions\/651"}],"wp:attachment":[{"href":"https:\/\/www.taouret.fr\/index.php?rest_route=%2Fwp%2Fv2%2Fmedia&parent=25"}],"curies":[{"name":"wp","href":"https:\/\/api.w.org\/{rel}","templated":true}]}}