{"id":22,"date":"2018-03-05T16:18:47","date_gmt":"2018-03-05T16:18:47","guid":{"rendered":"https:\/\/taouret.fr\/?page_id=22"},"modified":"2025-05-10T00:25:08","modified_gmt":"2025-05-10T00:25:08","slug":"qui-sommes-nous","status":"publish","type":"page","link":"https:\/\/www.taouret.fr\/?page_id=22","title":{"rendered":"Qui sommes-nous ?"},"content":{"rendered":"<p><b>La cr\u00e9ation de Ta Ouret<\/b><\/p>\n<p><span style=\"font-weight: 400;\"><img loading=\"lazy\" decoding=\"async\" class=\"alignright wp-image-138 size-medium\" src=\"http:\/\/www.taouret.fr\/wp-content\/uploads\/2018\/03\/Capture-d\u2019e\u0301cran-2018-03-08-a\u0300-21.34.00-235x300.png\" alt=\"\" width=\"235\" height=\"300\" srcset=\"https:\/\/www.taouret.fr\/wp-content\/uploads\/2018\/03\/Capture-d\u2019e\u0301cran-2018-03-08-a\u0300-21.34.00-235x300.png 235w, https:\/\/www.taouret.fr\/wp-content\/uploads\/2018\/03\/Capture-d\u2019e\u0301cran-2018-03-08-a\u0300-21.34.00.png 251w\" sizes=\"auto, (max-width: 235px) 100vw, 235px\" \/>Ta Ouret est une association loi 1901, cr\u00e9\u00e9e en 2006 et bas\u00e9e \u00e0 Chartres. L\u2019objectif initial \u00e9tait de permettre de cr\u00e9er du lien entre parents autour d\u2019activit\u00e9s autour de la parentalit\u00e9 et du maternage. Ainsi, on pouvait y trouver des ateliers de portage, des ateliers de signes avec b\u00e9b\u00e9, des apr\u00e8s-midis d\u2019activit\u00e9s impliquant les enfants et les familles, des ateliers de motricit\u00e9 etc. <\/span><\/p>\n<p><span style=\"font-weight: 400;\">Par ailleurs, d\u2019o\u00f9 vient ce nom \u00e9tonnant ? En fait il s&rsquo;agit d&rsquo;une divinit\u00e9 \u00e9gyptienne, elle est la d\u00e9esse au corps d\u2019hippopotame, dress\u00e9e sur ses pattes arri\u00e8res de lion et ses pattes avant sont des mains humaines. Elle qui symbolise la f\u00e9condit\u00e9, mais aussi la f\u00e9rocit\u00e9 de l&rsquo;amour maternel. Elle est \u00e9galement protectrice de l&rsquo;accouchement, et assure un bon allaitement. On la conna\u00eet aussi sous le nom de Thou\u00e9ris.<\/span><\/p>\n<p><b>Ta Ouret jusqu\u2019\u00e0 aujourd\u2019hui<\/b><\/p>\n<p><img loading=\"lazy\" decoding=\"async\" class=\"alignright wp-image-171\" src=\"http:\/\/www.taouret.fr\/wp-content\/uploads\/2018\/03\/hippoorange-247x300.png\" alt=\"\" width=\"206\" height=\"250\" srcset=\"https:\/\/www.taouret.fr\/wp-content\/uploads\/2018\/03\/hippoorange-247x300.png 247w, https:\/\/www.taouret.fr\/wp-content\/uploads\/2018\/03\/hippoorange.png 394w\" sizes=\"auto, (max-width: 206px) 100vw, 206px\" \/><\/p>\n<p><span style=\"font-weight: 400;\">En 2015, des ateliers de portage sont organis\u00e9s gr\u00e2ce \u00e0 la pr\u00e9sence de deux monitrices de portage : Julie et Ga\u00eblle, mais l\u2019association a commenc\u00e9 \u00e0 s\u2019essouffler. Les derni\u00e8res activit\u00e9s de Ta Ouret remontent \u00e0 juin 2015. Puis les indisponibilit\u00e9s des membres du CA ainsi que de Julie et de Ga\u00eblle ont entra\u00een\u00e9 un arr\u00eat des activit\u00e9s de l\u2019association.<\/span><\/p>\n<p><span style=\"font-weight: 400;\">A l\u2019\u00e9t\u00e9 2015, la question de la dissolution a \u00e9t\u00e9 mise sur la table. Mais le choix a \u00e9t\u00e9 fait de conserver l\u2019association en stand-by, en esp\u00e9rant toujours un \u00e9ventuel red\u00e9marrage. <\/span><\/p>\n<p><span style=\"font-weight: 400;\">Fin 2016, C\u00e9cile reprend contact avec l\u2019association car elle pr\u00e9voyait de devenir monitrice de portage. Juillet 2017, une nouvelle AG de Ta Ouret est organis\u00e9e et une nouvelle \u00e9quipe reprend le flambeau !<\/span><\/p>\n<p>Janvier 2024, encore du renouveau, C\u00e9cile notre pr\u00e9sidente nous quitte pour une nouvelle vie \u00e0 l&rsquo;autre bout de la France. Mathilde prend la pr\u00e9sidence.<\/p>\n<p><img loading=\"lazy\" decoding=\"async\" class=\"alignright size-full wp-image-634\" src=\"http:\/\/www.taouret.fr\/wp-content\/uploads\/2020\/09\/Vrac0010-scaled.jpg\" alt=\"\" width=\"2560\" height=\"1440\" srcset=\"https:\/\/www.taouret.fr\/wp-content\/uploads\/2020\/09\/Vrac0010-scaled.jpg 2560w, https:\/\/www.taouret.fr\/wp-content\/uploads\/2020\/09\/Vrac0010-300x169.jpg 300w, https:\/\/www.taouret.fr\/wp-content\/uploads\/2020\/09\/Vrac0010-1024x576.jpg 1024w, https:\/\/www.taouret.fr\/wp-content\/uploads\/2020\/09\/Vrac0010-768x432.jpg 768w, https:\/\/www.taouret.fr\/wp-content\/uploads\/2020\/09\/Vrac0010-1536x864.jpg 1536w, https:\/\/www.taouret.fr\/wp-content\/uploads\/2020\/09\/Vrac0010-2048x1152.jpg 2048w\" sizes=\"auto, (max-width: 2560px) 100vw, 2560px\" \/><\/p>\n<p><span style=\"font-weight: 400;\">Aujourd\u2019hui, l\u2019\u00e9quipe est compos\u00e9e de : <\/span><\/p>\n<ul>\n<li style=\"font-weight: 400;\"><span style=\"font-weight: 400;\">pr\u00e9sidente : Mathilde RIOT<\/span><\/li>\n<li style=\"font-weight: 400;\"><span style=\"font-weight: 400;\">tr\u00e9sori\u00e8re et monitrice de portage : Aur\u00e9lie VAN DER STUYFT<\/span><\/li>\n<li style=\"font-weight: 400;\"><span style=\"font-weight: 400;\">vice-tr\u00e9sori\u00e8re et monitrice de portage : B\u00e9n\u00e9dicte\u00a0<\/span><\/li>\n<li style=\"font-weight: 400;\"><span style=\"font-weight: 400;\">charg\u00e9e de communication et monitrice de portage : G\u00e9raldine DENOYELLES<\/span><\/li>\n<li>membre du CA : C\u00e9lia GUERIN<\/li>\n<\/ul>\n<p><img loading=\"lazy\" decoding=\"async\" class=\"alignright size-full wp-image-834\" src=\"http:\/\/www.taouret.fr\/wp-content\/uploads\/2024\/01\/Equipe-2024.png\" alt=\"\" width=\"992\" height=\"295\" srcset=\"https:\/\/www.taouret.fr\/wp-content\/uploads\/2024\/01\/Equipe-2024.png 992w, https:\/\/www.taouret.fr\/wp-content\/uploads\/2024\/01\/Equipe-2024-300x89.png 300w, https:\/\/www.taouret.fr\/wp-content\/uploads\/2024\/01\/Equipe-2024-768x228.png 768w\" sizes=\"auto, (max-width: 992px) 100vw, 992px\" \/><\/p>\n<p><span style=\"font-weight: 400;\">Nous proposons pour l\u2019instant des ateliers de portage individuels ou collectifs, mais nous n\u2019excluons pas de pouvoir proposer d\u2019autres activit\u00e9s au gr\u00e9 de nos envies et de vos demandes !\u00a0<\/span><\/p>\n<p>Nous proposons aussi des rencontres autour de l&rsquo;allaitement, nous mettons les infos en ligne, consultez l&rsquo;agenda.<\/p>\n\n\n<p><\/p>\n","protected":false},"excerpt":{"rendered":"<p>La cr\u00e9ation de Ta Ouret Ta Ouret est une association loi 1901, cr\u00e9\u00e9e en 2006 et bas\u00e9e \u00e0 Chartres. L\u2019objectif initial \u00e9tait de permettre de cr\u00e9er du lien entre parents autour d\u2019activit\u00e9s autour de la parentalit\u00e9 et du maternage. Ainsi, on pouvait y trouver des ateliers de portage, des ateliers de signes avec b\u00e9b\u00e9, des&#8230;<\/p>\n","protected":false},"author":1,"featured_media":0,"parent":0,"menu_order":0,"comment_status":"closed","ping_status":"closed","template":"","meta":{"footnotes":""},"class_list":["post-22","page","type-page","status-publish","hentry"],"_links":{"self":[{"href":"https:\/\/www.taouret.fr\/index.php?rest_route=\/wp\/v2\/pages\/22","targetHints":{"allow":["GET"]}}],"collection":[{"href":"https:\/\/www.taouret.fr\/index.php?rest_route=\/wp\/v2\/pages"}],"about":[{"href":"https:\/\/www.taouret.fr\/index.php?rest_route=\/wp\/v2\/types\/page"}],"author":[{"embeddable":true,"href":"https:\/\/www.taouret.fr\/index.php?rest_route=\/wp\/v2\/users\/1"}],"replies":[{"embeddable":true,"href":"https:\/\/www.taouret.fr\/index.php?rest_route=%2Fwp%2Fv2%2Fcomments&post=22"}],"version-history":[{"count":23,"href":"https:\/\/www.taouret.fr\/index.php?rest_route=\/wp\/v2\/pages\/22\/revisions"}],"predecessor-version":[{"id":876,"href":"https:\/\/www.taouret.fr\/index.php?rest_route=\/wp\/v2\/pages\/22\/revisions\/876"}],"wp:attachment":[{"href":"https:\/\/www.taouret.fr\/index.php?rest_route=%2Fwp%2Fv2%2Fmedia&parent=22"}],"curies":[{"name":"wp","href":"https:\/\/api.w.org\/{rel}","templated":true}]}}